{"id":680,"date":"2020-07-23T11:37:55","date_gmt":"2020-07-23T11:37:55","guid":{"rendered":"https:\/\/institutbori.com\/equipo"},"modified":"2025-11-28T19:06:43","modified_gmt":"2025-11-28T19:06:43","slug":"equipo","status":"publish","type":"page","link":"https:\/\/institutbori.com\/es\/equipo\/","title":{"rendered":"Equipo"},"content":{"rendered":"\t\t<div data-elementor-type=\"wp-page\" data-elementor-id=\"680\" class=\"elementor elementor-680 elementor-20\" data-elementor-post-type=\"page\">\n\t\t\t\t\t\t<section class=\"elementor-section elementor-top-section elementor-element elementor-element-2d457c79 elementor-section-boxed elementor-section-height-default elementor-section-height-default\" data-id=\"2d457c79\" data-element_type=\"section\" data-e-type=\"section\" data-settings=\"{&quot;background_background&quot;:&quot;classic&quot;}\">\n\t\t\t\t\t\t\t<div class=\"elementor-background-overlay\"><\/div>\n\t\t\t\t\t\t\t<div class=\"elementor-container elementor-column-gap-default\">\n\t\t\t\t\t<div class=\"elementor-column elementor-col-100 elementor-top-column elementor-element elementor-element-183b58cc\" data-id=\"183b58cc\" data-element_type=\"column\" data-e-type=\"column\">\n\t\t\t<div class=\"elementor-widget-wrap elementor-element-populated\">\n\t\t\t\t\t\t<div class=\"elementor-element elementor-element-375c2ce0 elementor-invisible elementor-widget elementor-widget-heading\" data-id=\"375c2ce0\" data-element_type=\"widget\" data-e-type=\"widget\" data-settings=\"{&quot;_animation&quot;:&quot;fadeInUp&quot;}\" data-widget_type=\"heading.default\">\n\t\t\t\t\t<h1 class=\"elementor-heading-title elementor-size-default\">Equipo<\/h1>\t\t\t\t<\/div>\n\t\t\t\t<div class=\"elementor-element elementor-element-482e03ff elementor-invisible elementor-widget elementor-widget-heading\" data-id=\"482e03ff\" data-element_type=\"widget\" data-e-type=\"widget\" data-settings=\"{&quot;_animation&quot;:&quot;fadeInUp&quot;}\" data-widget_type=\"heading.default\">\n\t\t\t\t\t<h3 class=\"elementor-heading-title elementor-size-default\">Experiencia y profesionalidad al servicio de los pacientes<\/h3>\t\t\t\t<\/div>\n\t\t\t\t\t<\/div>\n\t\t<\/div>\n\t\t\t\t\t<\/div>\n\t\t<\/section>\n\t\t\t\t<section class=\"elementor-section elementor-top-section elementor-element elementor-element-9ac49e7 elementor-section-boxed elementor-section-height-default elementor-section-height-default\" data-id=\"9ac49e7\" data-element_type=\"section\" data-e-type=\"section\">\n\t\t\t\t\t\t<div class=\"elementor-container elementor-column-gap-default\">\n\t\t\t\t\t<div class=\"elementor-column elementor-col-33 elementor-top-column elementor-element elementor-element-54b5178\" data-id=\"54b5178\" data-element_type=\"column\" data-e-type=\"column\">\n\t\t\t<div class=\"elementor-widget-wrap\">\n\t\t\t\t\t\t\t<\/div>\n\t\t<\/div>\n\t\t\t\t<div class=\"elementor-column elementor-col-33 elementor-top-column elementor-element elementor-element-f2afe57\" data-id=\"f2afe57\" data-element_type=\"column\" data-e-type=\"column\">\n\t\t\t<div class=\"elementor-widget-wrap elementor-element-populated\">\n\t\t\t\t\t\t<div class=\"elementor-element elementor-element-29ff2e9 elementor-widget elementor-widget-text-editor\" data-id=\"29ff2e9\" data-element_type=\"widget\" data-e-type=\"widget\" data-widget_type=\"text-editor.default\">\n\t\t\t\t\t\t\t\t\t<p>Un <strong>equipo de cirujanos<\/strong> de reconocido prestigio y altamente especializado en <strong>cirurg\u00eda de rodilla y cadera. <\/strong><strong>&nbsp;<\/strong><\/p>\n<p>El principal objetivo es garantizar una <strong>alta calidad asistencial<\/strong>, sensible a las necesidades de cada paciente. La <strong>atenci\u00f3n personalizada<\/strong>, en la que prevalece la relaci\u00f3n m\u00e9dico-paciente, es la que permite mejorar el diagn\u00f3stico, dar un enfoque integral a los tratamientos y resolver las patolog\u00edas de forma eficaz.<\/p>\n<p>Nuestros profesionales utilizan siempre&nbsp;<strong>t\u00e9cnicas quir\u00fargicas avanzadas y m\u00ednimamente invasivas<\/strong> para mejorar los resultados, minimizar posibles secuelas y reducir el tiempo de recuperaci\u00f3n.<\/p>\n<p><\/p>\t\t\t\t\t\t\t\t<\/div>\n\t\t\t\t\t<\/div>\n\t\t<\/div>\n\t\t\t\t<div class=\"elementor-column elementor-col-33 elementor-top-column elementor-element elementor-element-74b5736\" data-id=\"74b5736\" data-element_type=\"column\" data-e-type=\"column\">\n\t\t\t<div class=\"elementor-widget-wrap\">\n\t\t\t\t\t\t\t<\/div>\n\t\t<\/div>\n\t\t\t\t\t<\/div>\n\t\t<\/section>\n\t\t\t\t<section class=\"elementor-section elementor-top-section elementor-element elementor-element-fd8118e elementor-section-boxed elementor-section-height-default elementor-section-height-default\" data-id=\"fd8118e\" data-element_type=\"section\" data-e-type=\"section\">\n\t\t\t\t\t\t<div class=\"elementor-container elementor-column-gap-wide\">\n\t\t\t\t\t<div class=\"elementor-column elementor-col-50 elementor-top-column elementor-element elementor-element-270fdd0\" data-id=\"270fdd0\" data-element_type=\"column\" data-e-type=\"column\">\n\t\t\t<div class=\"elementor-widget-wrap elementor-element-populated\">\n\t\t\t\t\t\t<div class=\"elementor-element elementor-element-a15e5f7 elementor-widget elementor-widget-image\" data-id=\"a15e5f7\" data-element_type=\"widget\" data-e-type=\"widget\" data-widget_type=\"image.default\">\n\t\t\t\t\t\t\t\t\t\t\t\t\t\t\t<img fetchpriority=\"high\" decoding=\"async\" width=\"800\" height=\"800\" src=\"https:\/\/institutbori.com\/wp-content\/uploads\/2021\/01\/Equip-Dr-Bori.jpg\" class=\"attachment-large size-large wp-image-1261\" alt=\"\" srcset=\"https:\/\/institutbori.com\/wp-content\/uploads\/2021\/01\/Equip-Dr-Bori.jpg 1000w, https:\/\/institutbori.com\/wp-content\/uploads\/2021\/01\/Equip-Dr-Bori-300x300.jpg 300w, https:\/\/institutbori.com\/wp-content\/uploads\/2021\/01\/Equip-Dr-Bori-150x150.jpg 150w, https:\/\/institutbori.com\/wp-content\/uploads\/2021\/01\/Equip-Dr-Bori-768x768.jpg 768w\" sizes=\"(max-width: 800px) 100vw, 800px\" \/>\t\t\t\t\t\t\t\t\t\t\t\t\t\t\t<\/div>\n\t\t\t\t<div class=\"elementor-element elementor-element-4d5ce76 elementor-widget elementor-widget-heading\" data-id=\"4d5ce76\" data-element_type=\"widget\" data-e-type=\"widget\" data-widget_type=\"heading.default\">\n\t\t\t\t\t<h3 class=\"elementor-heading-title elementor-size-default\">Dr. GUILLEM BORI<\/h3>\t\t\t\t<\/div>\n\t\t\t\t<div class=\"elementor-element elementor-element-f95ec77 elementor-widget elementor-widget-text-editor\" data-id=\"f95ec77\" data-element_type=\"widget\" data-e-type=\"widget\" data-widget_type=\"text-editor.default\">\n\t\t\t\t\t\t\t\t\t<p>N\u00fam. de colegiado: 8157 (COMG)<\/p>\t\t\t\t\t\t\t\t<\/div>\n\t\t\t\t<div class=\"elementor-element elementor-element-b2947f2 elementor-widget elementor-widget-text-editor\" data-id=\"b2947f2\" data-element_type=\"widget\" data-e-type=\"widget\" data-widget_type=\"text-editor.default\">\n\t\t\t\t\t\t\t\t\t<p>Licenciado en Medicina y Cirug\u00eda por la Universitat Aut\u00f3noma de Barcelona en 2001, dispone de una larga experiencia en cirug\u00eda de rodilla y cadera (pr\u00f3tesis y recambio de pr\u00f3tesis) y artroscopia. Desarrolla su actividad profesional en el Servicio de Cirug\u00eda Ortop\u00e9dica y Traumatolog\u00eda del <a href=\"https:\/\/www.clinicbarcelona.org\/ca\" target=\"_blank\" rel=\"noopener\">Hospital Cl\u00ednic de Barcelona<\/a>.<\/p>\n<p>Durante su trayectoria profesional de m\u00e1s de 20 a\u00f1os, ha implantado m\u00e1s de 1.500 pr\u00f3tesis, combinando siempre esta experiencia profesional con una dilatada formaci\u00f3n acad\u00e9mica e investigadora, que ha sido premiada en numerosas ocasiones.<\/p>\n<p>A nivel nacional, ha destacado por ser el responsable de la acreditaci\u00f3n y posterior coordinaci\u00f3n de una <a href=\"http:\/\/www.barnaclinic.com\/blog\/blog\/nueva-unidad-csur-referencia-nacional-infecciones-osteoarticulares-resistentes\/\" target=\"_blank\" rel=\"noopener\">Unidad de Referencia Nacional<\/a>(CSUR) acreditada por el Ministerio de Sanidad en el Hospital Cl\u00ednic de Barcelona. A nivel internacional, ha sido delegado de Espa\u00f1a de la sociedad cient\u00edfica European Bone and Joint Infection Society y se ha formado en uno de los hospitales internacionales m\u00e1s prestigiosos, el <a href=\"https:\/\/www.ouh.nhs.uk\/hospitals\/noc\/default.aspx\" target=\"_blank\" rel=\"noopener\">Nuffield Orthopaedic Centre-Oxford University Hospitals<\/a>.<\/p>\t\t\t\t\t\t\t\t<\/div>\n\t\t\t\t\t<\/div>\n\t\t<\/div>\n\t\t\t\t<div class=\"elementor-column elementor-col-50 elementor-top-column elementor-element elementor-element-60eefc1\" data-id=\"60eefc1\" data-element_type=\"column\" data-e-type=\"column\">\n\t\t\t<div class=\"elementor-widget-wrap elementor-element-populated\">\n\t\t\t\t\t\t<div class=\"elementor-element elementor-element-0a7f75d elementor-widget elementor-widget-image\" data-id=\"0a7f75d\" data-element_type=\"widget\" data-e-type=\"widget\" data-widget_type=\"image.default\">\n\t\t\t\t\t\t\t\t\t\t\t\t\t\t\t<img decoding=\"async\" width=\"800\" height=\"800\" src=\"https:\/\/institutbori.com\/wp-content\/uploads\/2021\/01\/Equip-Dra-Bori.jpg\" class=\"attachment-large size-large wp-image-1263\" alt=\"\" srcset=\"https:\/\/institutbori.com\/wp-content\/uploads\/2021\/01\/Equip-Dra-Bori.jpg 1000w, https:\/\/institutbori.com\/wp-content\/uploads\/2021\/01\/Equip-Dra-Bori-300x300.jpg 300w, https:\/\/institutbori.com\/wp-content\/uploads\/2021\/01\/Equip-Dra-Bori-150x150.jpg 150w, https:\/\/institutbori.com\/wp-content\/uploads\/2021\/01\/Equip-Dra-Bori-768x768.jpg 768w\" sizes=\"(max-width: 800px) 100vw, 800px\" \/>\t\t\t\t\t\t\t\t\t\t\t\t\t\t\t<\/div>\n\t\t\t\t<div class=\"elementor-element elementor-element-5ddd034 elementor-widget elementor-widget-heading\" data-id=\"5ddd034\" data-element_type=\"widget\" data-e-type=\"widget\" data-widget_type=\"heading.default\">\n\t\t\t\t\t<h3 class=\"elementor-heading-title elementor-size-default\">Dra. ROSA BORI<\/h3>\t\t\t\t<\/div>\n\t\t\t\t<div class=\"elementor-element elementor-element-fde90b5 elementor-widget elementor-widget-text-editor\" data-id=\"fde90b5\" data-element_type=\"widget\" data-e-type=\"widget\" data-widget_type=\"text-editor.default\">\n\t\t\t\t\t\t\t\t\t<p>N\u00fam. de colegiada: 19977 (COMB)<\/p>\t\t\t\t\t\t\t\t<\/div>\n\t\t\t\t<div class=\"elementor-element elementor-element-76a3232 elementor-widget elementor-widget-text-editor\" data-id=\"76a3232\" data-element_type=\"widget\" data-e-type=\"widget\" data-widget_type=\"text-editor.default\">\n\t\t\t\t\t\t\t\t\t<p>Licenciada en Medicina y Cirug\u00eda por la Universitat de Barcelona en 1983, acumula una experiencia de m\u00e1s de 25 a\u00f1os en cirug\u00eda de rodilla, cadera y artroscopia (rodilla, cadera y hombro). Desarrolla su actividad profesional en el Servicio de Cirug\u00eda Ortop\u00e9dica y Traumatolog\u00eda del <a href=\"https:\/\/www.clinicbarcelona.org\/ca\" target=\"_blank\" rel=\"noopener\">Hospital Cl\u00ednic de Barcelona<\/a>.<\/p>\n<p>Su trayectoria ha sido reconocida en numerosas ocasiones con la concesi\u00f3n de varios premios como el Premio al profesional m\u00e9dico con mayor n\u00famero de agradecimientos de pacientes concedido en 2010 y 2013.<\/p>\n<p>A nivel nacional, recibi\u00f3 el <a href=\"https:\/\/www.comb.cat\/cat\/cultura_lleure\/premis\/premis.asp\" target=\"_blank\" rel=\"noopener\">Premio a la Excelencia Profesional<\/a> en 2016, concedido por el <a href=\"https:\/\/www.comb.cat\/\" target=\"_blank\" rel=\"noopener\">Colegio Oficial de M\u00e9dicos de Barcelona<\/a> (COMB). Este premio se concede a los m\u00e9dicos catalanes que han destacado por su excelencia, recorrido profesional, honestidad, compromiso, altruismo e integridad.<\/p>\t\t\t\t\t\t\t\t<\/div>\n\t\t\t\t\t<\/div>\n\t\t<\/div>\n\t\t\t\t\t<\/div>\n\t\t<\/section>\n\t\t<div class=\"elementor-element elementor-element-1ba4088 e-flex e-con-boxed e-con e-parent\" data-id=\"1ba4088\" data-element_type=\"container\" data-e-type=\"container\">\n\t\t\t\t\t<div class=\"e-con-inner\">\n\t\t\t\t<div class=\"elementor-element elementor-element-01e5018 elementor-widget elementor-widget-heading\" data-id=\"01e5018\" data-element_type=\"widget\" data-e-type=\"widget\" data-widget_type=\"heading.default\">\n\t\t\t\t\t<h2 class=\"elementor-heading-title elementor-size-default\">NUESTROS VALORES<\/h2>\t\t\t\t<\/div>\n\t\t\t\t\t<\/div>\n\t\t\t\t<\/div>\n\t\t<div class=\"elementor-element elementor-element-9d2a7c8 e-flex e-con-boxed e-con e-parent\" data-id=\"9d2a7c8\" data-element_type=\"container\" data-e-type=\"container\">\n\t\t\t\t\t<div class=\"e-con-inner\">\n\t\t<div class=\"elementor-element elementor-element-dab729a e-con-full e-flex elementor-invisible e-con e-child\" data-id=\"dab729a\" data-element_type=\"container\" data-e-type=\"container\" data-settings=\"{&quot;animation&quot;:&quot;fadeInLeft&quot;}\">\n\t\t\t\t<div class=\"elementor-element elementor-element-46abf94 elementor-widget elementor-widget-text-editor\" data-id=\"46abf94\" data-element_type=\"widget\" data-e-type=\"widget\" data-widget_type=\"text-editor.default\">\n\t\t\t\t\t\t\t\t\t<p><strong>INNOVACI\u00d3N<\/strong><br>Utilizamos las \u00faltimas tecnolog\u00edas para ofrecer una traumatolog\u00eda de vanguardia.<\/p>\t\t\t\t\t\t\t\t<\/div>\n\t\t\t\t<div class=\"elementor-element elementor-element-030eb1e elementor-widget elementor-widget-text-editor\" data-id=\"030eb1e\" data-element_type=\"widget\" data-e-type=\"widget\" data-widget_type=\"text-editor.default\">\n\t\t\t\t\t\t\t\t\t<p><strong>TRABAJO EN EQUIPO<\/strong><br>Ofrecemos la m\u00e1xima calidad asistencial gracias a un equipo con elevada formaci\u00f3n y experiencia.<\/p>\t\t\t\t\t\t\t\t<\/div>\n\t\t\t\t<\/div>\n\t\t<div class=\"elementor-element elementor-element-bf3b944 e-con-full e-flex e-con e-child\" data-id=\"bf3b944\" data-element_type=\"container\" data-e-type=\"container\">\n\t\t\t\t<div class=\"elementor-element elementor-element-9afe43a elementor-invisible elementor-widget elementor-widget-image\" data-id=\"9afe43a\" data-element_type=\"widget\" data-e-type=\"widget\" data-settings=\"{&quot;_animation&quot;:&quot;zoomIn&quot;}\" data-widget_type=\"image.default\">\n\t\t\t\t\t\t\t\t\t\t\t\t\t\t\t<img decoding=\"async\" width=\"512\" height=\"512\" src=\"https:\/\/institutbori.com\/wp-content\/uploads\/2025\/11\/Pacientee.png\" class=\"attachment-large size-large wp-image-3598\" alt=\"Pacient\" srcset=\"https:\/\/institutbori.com\/wp-content\/uploads\/2025\/11\/Pacientee.png 512w, https:\/\/institutbori.com\/wp-content\/uploads\/2025\/11\/Pacientee-300x300.png 300w, https:\/\/institutbori.com\/wp-content\/uploads\/2025\/11\/Pacientee-150x150.png 150w\" sizes=\"(max-width: 512px) 100vw, 512px\" \/>\t\t\t\t\t\t\t\t\t\t\t\t\t\t\t<\/div>\n\t\t\t\t<\/div>\n\t\t<div class=\"elementor-element elementor-element-0d0551e e-con-full e-flex elementor-invisible e-con e-child\" data-id=\"0d0551e\" data-element_type=\"container\" data-e-type=\"container\" data-settings=\"{&quot;animation&quot;:&quot;fadeInRight&quot;}\">\n\t\t\t\t<div class=\"elementor-element elementor-element-9781e53 elementor-widget elementor-widget-text-editor\" data-id=\"9781e53\" data-element_type=\"widget\" data-e-type=\"widget\" data-widget_type=\"text-editor.default\">\n\t\t\t\t\t\t\t\t\t<p><strong>TRATAMIENTO PERSONALIZADO<\/strong><br>Aplicamos a cada paciente un tratamiento personalizado para obtener mejores resultados.&nbsp;<\/p>\t\t\t\t\t\t\t\t<\/div>\n\t\t\t\t<div class=\"elementor-element elementor-element-0278ef4 elementor-widget elementor-widget-text-editor\" data-id=\"0278ef4\" data-element_type=\"widget\" data-e-type=\"widget\" data-widget_type=\"text-editor.default\">\n\t\t\t\t\t\t\t\t\t<p><strong>PROXIMIDAD<\/strong><br>Tenemos un compromiso y dedicaci\u00f3n total al paciente, porque la relaci\u00f3n m\u00e9dico-paciente es una de nuestras m\u00e1ximas prioridades.<\/p>\t\t\t\t\t\t\t\t<\/div>\n\t\t\t\t<\/div>\n\t\t\t\t\t<\/div>\n\t\t\t\t<\/div>\n\t\t\t\t<section class=\"elementor-section elementor-top-section elementor-element elementor-element-0af1cc5 elementor-section-boxed elementor-section-height-default elementor-section-height-default\" data-id=\"0af1cc5\" data-element_type=\"section\" data-e-type=\"section\">\n\t\t\t\t\t\t<div class=\"elementor-container elementor-column-gap-default\">\n\t\t\t\t\t<div class=\"elementor-column elementor-col-33 elementor-top-column elementor-element elementor-element-fc170ea\" data-id=\"fc170ea\" data-element_type=\"column\" data-e-type=\"column\">\n\t\t\t<div class=\"elementor-widget-wrap\">\n\t\t\t\t\t\t\t<\/div>\n\t\t<\/div>\n\t\t\t\t<div class=\"elementor-column elementor-col-33 elementor-top-column elementor-element elementor-element-d1f8740\" data-id=\"d1f8740\" data-element_type=\"column\" data-e-type=\"column\">\n\t\t\t<div class=\"elementor-widget-wrap elementor-element-populated\">\n\t\t\t\t\t\t<div class=\"elementor-element elementor-element-9a86c37 elementor-pagination-position-inside elementor-skin-carousel elementor-arrows-yes elementor-pagination-type-bullets elementor-widget elementor-widget-media-carousel\" data-id=\"9a86c37\" data-element_type=\"widget\" data-e-type=\"widget\" data-settings=\"{&quot;slides_per_view&quot;:&quot;1&quot;,&quot;slides_per_view_tablet&quot;:&quot;1&quot;,&quot;skin&quot;:&quot;carousel&quot;,&quot;effect&quot;:&quot;slide&quot;,&quot;show_arrows&quot;:&quot;yes&quot;,&quot;pagination&quot;:&quot;bullets&quot;,&quot;speed&quot;:500,&quot;autoplay&quot;:&quot;yes&quot;,&quot;autoplay_speed&quot;:5000,&quot;loop&quot;:&quot;yes&quot;,&quot;pause_on_hover&quot;:&quot;yes&quot;,&quot;pause_on_interaction&quot;:&quot;yes&quot;,&quot;space_between&quot;:{&quot;unit&quot;:&quot;px&quot;,&quot;size&quot;:10,&quot;sizes&quot;:[]},&quot;space_between_tablet&quot;:{&quot;unit&quot;:&quot;px&quot;,&quot;size&quot;:10,&quot;sizes&quot;:[]},&quot;space_between_mobile&quot;:{&quot;unit&quot;:&quot;px&quot;,&quot;size&quot;:10,&quot;sizes&quot;:[]}}\" data-widget_type=\"media-carousel.default\">\n\t\t\t\t\t\t\t\t\t\t<div class=\"elementor-main-swiper swiper\" role=\"region\" aria-roledescription=\"carousel\" aria-label=\"Diapositives\">\n\t\t\t\t<div class=\"swiper-wrapper\">\n\t\t\t\t\t\t\t\t\t\t\t<div class=\"swiper-slide\" role=\"group\" aria-roledescription=\"slide\">\n\t\t\t\t\t\t\t\t\t<div class=\"elementor-carousel-image\" role=\"img\" aria-label=\"equip\" style=\"background-image: url(&#039;https:\/\/institutbori.com\/wp-content\/uploads\/2020\/09\/equip6.jpg&#039;)\">\n\n\t\t\t\n\t\t\t\t\t<\/div>\n\t\t\t\t\t\t\t\t<\/div>\n\t\t\t\t\t\t\t\t\t\t\t<div class=\"swiper-slide\" role=\"group\" aria-roledescription=\"slide\">\n\t\t\t\t\t\t\t\t\t<div class=\"elementor-carousel-image\" role=\"img\" aria-label=\"equip\" style=\"background-image: url(&#039;https:\/\/institutbori.com\/wp-content\/uploads\/2020\/09\/equip5.jpg&#039;)\">\n\n\t\t\t\n\t\t\t\t\t<\/div>\n\t\t\t\t\t\t\t\t<\/div>\n\t\t\t\t\t\t\t\t\t\t\t<div class=\"swiper-slide\" role=\"group\" aria-roledescription=\"slide\">\n\t\t\t\t\t\t\t\t\t<div class=\"elementor-carousel-image\" role=\"img\" aria-label=\"equip\" style=\"background-image: url(&#039;https:\/\/institutbori.com\/wp-content\/uploads\/2020\/05\/equip4.jpg&#039;)\">\n\n\t\t\t\n\t\t\t\t\t<\/div>\n\t\t\t\t\t\t\t\t<\/div>\n\t\t\t\t\t\t\t\t\t<\/div>\n\t\t\t\t\t\t\t\t\t\t\t\t\t\t\t<div class=\"elementor-swiper-button elementor-swiper-button-prev\" role=\"button\" tabindex=\"0\" aria-label=\"Anterior\">\n\t\t\t\t\t\t\t<svg aria-hidden=\"true\" class=\"e-font-icon-svg e-eicon-chevron-left\" viewBox=\"0 0 1000 1000\" xmlns=\"http:\/\/www.w3.org\/2000\/svg\"><path d=\"M646 125C629 125 613 133 604 142L308 442C296 454 292 471 292 487 292 504 296 521 308 533L604 854C617 867 629 875 646 875 663 875 679 871 692 858 704 846 713 829 713 812 713 796 708 779 692 767L438 487 692 225C700 217 708 204 708 187 708 171 704 154 692 142 675 129 663 125 646 125Z\"><\/path><\/svg>\t\t\t\t\t\t<\/div>\n\t\t\t\t\t\t<div class=\"elementor-swiper-button elementor-swiper-button-next\" role=\"button\" tabindex=\"0\" aria-label=\"Siguiente\">\n\t\t\t\t\t\t\t<svg aria-hidden=\"true\" class=\"e-font-icon-svg e-eicon-chevron-right\" viewBox=\"0 0 1000 1000\" xmlns=\"http:\/\/www.w3.org\/2000\/svg\"><path d=\"M696 533C708 521 713 504 713 487 713 471 708 454 696 446L400 146C388 133 375 125 354 125 338 125 325 129 313 142 300 154 292 171 292 187 292 204 296 221 308 233L563 492 304 771C292 783 288 800 288 817 288 833 296 850 308 863 321 871 338 875 354 875 371 875 388 867 400 854L696 533Z\"><\/path><\/svg>\t\t\t\t\t\t<\/div>\n\t\t\t\t\t\t\t\t\t\t\t\t\t\t\t\t<div class=\"swiper-pagination\"><\/div>\n\t\t\t\t\t\t\t\t\t\t\t\t<\/div>\n\t\t\t\t\t\t\t\t<\/div>\n\t\t\t\t\t<\/div>\n\t\t<\/div>\n\t\t\t\t<div class=\"elementor-column elementor-col-33 elementor-top-column elementor-element elementor-element-f6ee4de\" data-id=\"f6ee4de\" data-element_type=\"column\" data-e-type=\"column\">\n\t\t\t<div class=\"elementor-widget-wrap\">\n\t\t\t\t\t\t\t<\/div>\n\t\t<\/div>\n\t\t\t\t\t<\/div>\n\t\t<\/section>\n\t\t\t\t<section class=\"elementor-section elementor-top-section elementor-element elementor-element-6bf099bb elementor-section-boxed elementor-section-height-default elementor-section-height-default\" data-id=\"6bf099bb\" data-element_type=\"section\" data-e-type=\"section\" data-settings=\"{&quot;background_background&quot;:&quot;classic&quot;}\">\n\t\t\t\t\t\t<div class=\"elementor-container elementor-column-gap-default\">\n\t\t\t\t\t<div class=\"elementor-column elementor-col-100 elementor-top-column elementor-element elementor-element-7cd9b474\" data-id=\"7cd9b474\" data-element_type=\"column\" data-e-type=\"column\">\n\t\t\t<div class=\"elementor-widget-wrap elementor-element-populated\">\n\t\t\t\t\t\t<div class=\"elementor-element elementor-element-41ee6a7a elementor-widget elementor-widget-heading\" data-id=\"41ee6a7a\" data-element_type=\"widget\" data-e-type=\"widget\" data-widget_type=\"heading.default\">\n\t\t\t\t\t<h2 class=\"elementor-heading-title elementor-size-default\">Tratamos a los pacientes como quisi\u00e9ramos ser tratados nosotros<\/h2>\t\t\t\t<\/div>\n\t\t\t\t\t<\/div>\n\t\t<\/div>\n\t\t\t\t\t<\/div>\n\t\t<\/section>\n\t\t\t\t<\/div>\n\t\t","protected":false},"excerpt":{"rendered":"<p>Un equipo de cirujanos de reconocido prestigio y altamente especializado en cirurg\u00eda de rodilla y cadera. &nbsp; El principal objetivo es garantizar una alta calidad asistencial, sensible a las necesidades de cada paciente. La atenci\u00f3n personalizada, en la que prevalece la relaci\u00f3n m\u00e9dico-paciente, es la que permite mejorar el diagn\u00f3stico, dar un enfoque integral a [&hellip;]<\/p>\n","protected":false},"author":1,"featured_media":0,"parent":0,"menu_order":0,"comment_status":"closed","ping_status":"closed","template":"","meta":{"footnotes":""},"class_list":["post-680","page","type-page","status-publish","hentry"],"_links":{"self":[{"href":"https:\/\/institutbori.com\/es\/wp-json\/wp\/v2\/pages\/680","targetHints":{"allow":["GET"]}}],"collection":[{"href":"https:\/\/institutbori.com\/es\/wp-json\/wp\/v2\/pages"}],"about":[{"href":"https:\/\/institutbori.com\/es\/wp-json\/wp\/v2\/types\/page"}],"author":[{"embeddable":true,"href":"https:\/\/institutbori.com\/es\/wp-json\/wp\/v2\/users\/1"}],"replies":[{"embeddable":true,"href":"https:\/\/institutbori.com\/es\/wp-json\/wp\/v2\/comments?post=680"}],"version-history":[{"count":43,"href":"https:\/\/institutbori.com\/es\/wp-json\/wp\/v2\/pages\/680\/revisions"}],"predecessor-version":[{"id":4069,"href":"https:\/\/institutbori.com\/es\/wp-json\/wp\/v2\/pages\/680\/revisions\/4069"}],"wp:attachment":[{"href":"https:\/\/institutbori.com\/es\/wp-json\/wp\/v2\/media?parent=680"}],"curies":[{"name":"wp","href":"https:\/\/api.w.org\/{rel}","templated":true}]}}