{"id":683,"date":"2020-07-23T11:50:54","date_gmt":"2020-07-23T11:50:54","guid":{"rendered":"https:\/\/institutbori.com\/especialidades"},"modified":"2025-11-28T15:02:47","modified_gmt":"2025-11-28T15:02:47","slug":"especialidades","status":"publish","type":"page","link":"https:\/\/institutbori.com\/es\/especialidades\/","title":{"rendered":"Especialidades"},"content":{"rendered":"\t\t<div data-elementor-type=\"wp-page\" data-elementor-id=\"683\" class=\"elementor elementor-683 elementor-22\" data-elementor-post-type=\"page\">\n\t\t\t\t\t\t<section class=\"elementor-section elementor-top-section elementor-element elementor-element-533034fd elementor-section-boxed elementor-section-height-default elementor-section-height-default\" data-id=\"533034fd\" data-element_type=\"section\" data-e-type=\"section\" data-settings=\"{&quot;background_background&quot;:&quot;classic&quot;}\">\n\t\t\t\t\t\t\t<div class=\"elementor-background-overlay\"><\/div>\n\t\t\t\t\t\t\t<div class=\"elementor-container elementor-column-gap-default\">\n\t\t\t\t\t<div class=\"elementor-column elementor-col-100 elementor-top-column elementor-element elementor-element-14631f4d\" data-id=\"14631f4d\" data-element_type=\"column\" data-e-type=\"column\">\n\t\t\t<div class=\"elementor-widget-wrap elementor-element-populated\">\n\t\t\t\t\t\t<div class=\"elementor-element elementor-element-653a1b7b elementor-invisible elementor-widget elementor-widget-heading\" data-id=\"653a1b7b\" data-element_type=\"widget\" data-e-type=\"widget\" data-settings=\"{&quot;_animation&quot;:&quot;fadeInUp&quot;}\" data-widget_type=\"heading.default\">\n\t\t\t\t\t<h1 class=\"elementor-heading-title elementor-size-default\">Especialidades<\/h1>\t\t\t\t<\/div>\n\t\t\t\t<div class=\"elementor-element elementor-element-60fb9848 elementor-invisible elementor-widget elementor-widget-heading\" data-id=\"60fb9848\" data-element_type=\"widget\" data-e-type=\"widget\" data-settings=\"{&quot;_animation&quot;:&quot;fadeInUp&quot;}\" data-widget_type=\"heading.default\">\n\t\t\t\t\t<p class=\"elementor-heading-title elementor-size-default\">Expertos en cirug\u00eda m\u00ednimamente invasiva y t\u00e9cnicas innovadoras<\/p>\t\t\t\t<\/div>\n\t\t\t\t\t<\/div>\n\t\t<\/div>\n\t\t\t\t\t<\/div>\n\t\t<\/section>\n\t\t\t\t<section class=\"elementor-section elementor-top-section elementor-element elementor-element-6321f44 elementor-section-boxed elementor-section-height-default elementor-section-height-default\" data-id=\"6321f44\" data-element_type=\"section\" data-e-type=\"section\">\n\t\t\t\t\t\t<div class=\"elementor-container elementor-column-gap-default\">\n\t\t\t\t\t<div class=\"elementor-column elementor-col-33 elementor-top-column elementor-element elementor-element-28cf4b4\" data-id=\"28cf4b4\" data-element_type=\"column\" data-e-type=\"column\">\n\t\t\t<div class=\"elementor-widget-wrap\">\n\t\t\t\t\t\t\t<\/div>\n\t\t<\/div>\n\t\t\t\t<div class=\"elementor-column elementor-col-33 elementor-top-column elementor-element elementor-element-8f097bc\" data-id=\"8f097bc\" data-element_type=\"column\" data-e-type=\"column\" data-settings=\"{&quot;background_background&quot;:&quot;classic&quot;}\">\n\t\t\t<div class=\"elementor-widget-wrap elementor-element-populated\">\n\t\t\t\t\t\t<div class=\"elementor-element elementor-element-e53e84c elementor-widget elementor-widget-text-editor\" data-id=\"e53e84c\" data-element_type=\"widget\" data-e-type=\"widget\" data-widget_type=\"text-editor.default\">\n\t\t\t\t\t\t\t\t\t<p>Somos un equipo de traumatolog\u00eda altamente especializado con m\u00e1s de 20 a\u00f1os de experiencia en las t\u00e9cnicas terap\u00e9uticas y quir\u00fargicas m\u00e1s avanzadas para dar respuesta a cada paciente.<\/p>\n<p style=\"font-weight: 400;\">Expertos en t\u00e9cnicas m\u00ednimamente invasivas para realizar cirug\u00edas con la menor agresi\u00f3n posible buscando siempre el mejor resultado cl\u00ednico y la recuperaci\u00f3n m\u00e1s <strong>r\u00e1pida, eficaz y segura.<\/strong><\/p>\n<p style=\"font-weight: 400;\">Abordamos con \u00e9xito las <strong>cirug\u00edas m\u00e1s complejas<\/strong> en las diferentes articulaciones y somos expertos en cirug\u00eda prot\u00e9tica, artroscopia y cirug\u00eda en 3D. Tambi\u00e9n tenemos amplia experiencia en tratamientos preventivos de preservaci\u00f3n de la articulaci\u00f3n (tratamientos biol\u00f3gicos).<\/p>\n<p>Por este motivo trabajamos con <strong>compa\u00f1\u00edas lideres de tecnolog\u00eda m\u00e9dica<\/strong> para ofrecer la m\u00e1xima calidad en implantes de rodilla y cadera as\u00ed como en tratamientos biol\u00f3gicos. En cirug\u00eda ortop\u00e9dica y traumatolog\u00eda es muy importante la calidad de los productos m\u00e9dicos y quir\u00fargicos para obtener mejores resultados y que el paciente disponga de toda la informaci\u00f3n antes de cualquier tratamiento.<\/p>\t\t\t\t\t\t\t\t<\/div>\n\t\t\t\t\t<\/div>\n\t\t<\/div>\n\t\t\t\t<div class=\"elementor-column elementor-col-33 elementor-top-column elementor-element elementor-element-7065de3\" data-id=\"7065de3\" data-element_type=\"column\" data-e-type=\"column\">\n\t\t\t<div class=\"elementor-widget-wrap\">\n\t\t\t\t\t\t\t<\/div>\n\t\t<\/div>\n\t\t\t\t\t<\/div>\n\t\t<\/section>\n\t\t\t\t<section class=\"elementor-section elementor-top-section elementor-element elementor-element-090f02f elementor-section-boxed elementor-section-height-default elementor-section-height-default\" data-id=\"090f02f\" data-element_type=\"section\" data-e-type=\"section\">\n\t\t\t\t\t\t<div class=\"elementor-container elementor-column-gap-default\">\n\t\t\t\t\t<div class=\"elementor-column elementor-col-100 elementor-top-column elementor-element elementor-element-17b9615\" data-id=\"17b9615\" data-element_type=\"column\" data-e-type=\"column\">\n\t\t\t<div class=\"elementor-widget-wrap elementor-element-populated\">\n\t\t\t\t\t\t<div class=\"elementor-element elementor-element-ed73ad8 elementor-widget elementor-widget-spacer\" data-id=\"ed73ad8\" data-element_type=\"widget\" data-e-type=\"widget\" data-widget_type=\"spacer.default\">\n\t\t\t\t\t\t\t<div class=\"elementor-spacer\">\n\t\t\t<div class=\"elementor-spacer-inner\"><\/div>\n\t\t<\/div>\n\t\t\t\t\t\t<\/div>\n\t\t\t\t<div class=\"elementor-element elementor-element-9483211 elementor-tabs-view-vertical elementor-widget elementor-widget-tabs\" data-id=\"9483211\" data-element_type=\"widget\" data-e-type=\"widget\" id=\"tabs-estils\" data-widget_type=\"tabs.default\">\n\t\t\t\t\t\t\t<div class=\"elementor-tabs\">\n\t\t\t<div class=\"elementor-tabs-wrapper\" role=\"tablist\" >\n\t\t\t\t\t\t\t\t\t<div id=\"elementor-tab-title-1551\" class=\"elementor-tab-title elementor-tab-desktop-title\" aria-selected=\"true\" data-tab=\"1\" role=\"tab\" tabindex=\"0\" aria-controls=\"elementor-tab-content-1551\" aria-expanded=\"false\">CIRUG\u00cdA DE RODILLA<\/div>\n\t\t\t\t\t\t\t\t\t<div id=\"elementor-tab-title-1552\" class=\"elementor-tab-title elementor-tab-desktop-title\" aria-selected=\"false\" data-tab=\"2\" role=\"tab\" tabindex=\"-1\" aria-controls=\"elementor-tab-content-1552\" aria-expanded=\"false\">CIRUG\u00cdA DE CADERA<\/div>\n\t\t\t\t\t\t\t\t\t<div id=\"elementor-tab-title-1553\" class=\"elementor-tab-title elementor-tab-desktop-title\" aria-selected=\"false\" data-tab=\"3\" role=\"tab\" tabindex=\"-1\" aria-controls=\"elementor-tab-content-1553\" aria-expanded=\"false\">ARTROSCOPIA<\/div>\n\t\t\t\t\t\t\t\t\t<div id=\"elementor-tab-title-1554\" class=\"elementor-tab-title elementor-tab-desktop-title\" aria-selected=\"false\" data-tab=\"4\" role=\"tab\" tabindex=\"-1\" aria-controls=\"elementor-tab-content-1554\" aria-expanded=\"false\">TRAUMATOLOG\u00cdA DEPORTIVA<\/div>\n\t\t\t\t\t\t\t\t\t<div id=\"elementor-tab-title-1555\" class=\"elementor-tab-title elementor-tab-desktop-title\" aria-selected=\"false\" data-tab=\"5\" role=\"tab\" tabindex=\"-1\" aria-controls=\"elementor-tab-content-1555\" aria-expanded=\"false\">TRATAMIENTOS BIOL\u00d3GICOS<\/div>\n\t\t\t\t\t\t\t<\/div>\n\t\t\t<div class=\"elementor-tabs-content-wrapper\" role=\"tablist\" aria-orientation=\"vertical\">\n\t\t\t\t\t\t\t\t\t<div class=\"elementor-tab-title elementor-tab-mobile-title\" aria-selected=\"true\" data-tab=\"1\" role=\"tab\" tabindex=\"0\" aria-controls=\"elementor-tab-content-1551\" aria-expanded=\"false\">CIRUG\u00cdA DE RODILLA<\/div>\n\t\t\t\t\t<div id=\"elementor-tab-content-1551\" class=\"elementor-tab-content elementor-clearfix\" data-tab=\"1\" role=\"tabpanel\" aria-labelledby=\"elementor-tab-title-1551\" tabindex=\"0\" hidden=\"false\"><h5><img decoding=\"async\" class=\" wp-image-3459 alignright\" src=\"https:\/\/institutbori.com\/wp-content\/uploads\/2025\/08\/iStock-1485210884-modified-417340df-8500-44e7-a4e4-55a7b43d8314-155x300.jpg\" alt=\"\" width=\"150\" height=\"290\" srcset=\"https:\/\/institutbori.com\/wp-content\/uploads\/2025\/08\/iStock-1485210884-modified-417340df-8500-44e7-a4e4-55a7b43d8314-155x300.jpg 155w, https:\/\/institutbori.com\/wp-content\/uploads\/2025\/08\/iStock-1485210884-modified-417340df-8500-44e7-a4e4-55a7b43d8314-530x1024.jpg 530w, https:\/\/institutbori.com\/wp-content\/uploads\/2025\/08\/iStock-1485210884-modified-417340df-8500-44e7-a4e4-55a7b43d8314.jpg 710w\" sizes=\"(max-width: 150px) 100vw, 150px\" \/>Algunas de las patolog\u00edas que resolvemos y tratamientos que realizamos:<\/h5>\n<ul>\n<li>Artrosis de rodilla<\/li>\n<li>Pr\u00f3tesis total de rodilla<\/li>\n<li>Aflojamiento de pr\u00f3tesis de rodilla<\/li>\n<li>Recambio de pr\u00f3tesis de rodilla<\/li>\n<li>Pr\u00f3tesis infectada de rodilla<\/li>\n<li>Lesiones y\/o ruptura de menisco<\/li>\n<li>Lesiones del ligamento cruzado anterior<\/li>\n<li>Lesiones del ligamento cruzado posterior<\/li>\n<li>Lesiones de los ligamentos laterales<\/li>\n<li>Lesiones osteocondrales de rodilla<\/li>\n<li>Bursitis prerrotuliana<\/li>\n<li>Quiste popl\u00edteo (o de Baker)<\/li>\n<li>Deformidades de la rodilla (<em>genu valgum, genu varum, genu recurvatum<\/em>)<\/li>\n<li>Fractura de rodilla<\/li>\n<li>Lesi\u00f3n tendinosa (tendinitis)<\/li>\n<li>Artritis de rodilla<\/li>\n<li>Lesiones de r\u00f3tula: condromalacia rotuliana, dolor patelofemoral<\/li>\n<li>Dolor\/lesi\u00f3n de rodilla no especificado<\/li>\n<\/ul>\n<\/div>\n\t\t\t\t\t\t\t\t\t<div class=\"elementor-tab-title elementor-tab-mobile-title\" aria-selected=\"false\" data-tab=\"2\" role=\"tab\" tabindex=\"-1\" aria-controls=\"elementor-tab-content-1552\" aria-expanded=\"false\">CIRUG\u00cdA DE CADERA<\/div>\n\t\t\t\t\t<div id=\"elementor-tab-content-1552\" class=\"elementor-tab-content elementor-clearfix\" data-tab=\"2\" role=\"tabpanel\" aria-labelledby=\"elementor-tab-title-1552\" tabindex=\"0\" hidden=\"hidden\"><p><img fetchpriority=\"high\" decoding=\"async\" class=\"img-especialitats alignright wp-image-3450\" src=\"https:\/\/institutbori.com\/wp-content\/uploads\/2025\/08\/iStock-1483607425-1-300x200.jpg\" alt=\"\" width=\"300\" height=\"200\" srcset=\"https:\/\/institutbori.com\/wp-content\/uploads\/2025\/08\/iStock-1483607425-1-300x200.jpg 300w, https:\/\/institutbori.com\/wp-content\/uploads\/2025\/08\/iStock-1483607425-1-1024x683.jpg 1024w, https:\/\/institutbori.com\/wp-content\/uploads\/2025\/08\/iStock-1483607425-1-768x512.jpg 768w, https:\/\/institutbori.com\/wp-content\/uploads\/2025\/08\/iStock-1483607425-1-1536x1024.jpg 1536w, https:\/\/institutbori.com\/wp-content\/uploads\/2025\/08\/iStock-1483607425-1-2048x1365.jpg 2048w\" sizes=\"(max-width: 300px) 100vw, 300px\" \/><\/p>\n<h5>Algunas de las patolog\u00edas que resolvemos y tratamientos que realizamos:<\/h5>\n<ul>\n<li>Artrosis de cadera<\/li>\n<li>Artrosis de cadera del adulto joven<\/li>\n<li>Pr\u00f3tesis total de cadera<\/li>\n<li>Aflojamiento de pr\u00f3tesis de cadera<\/li>\n<li>Recambio de pr\u00f3tesis de cadera<\/li>\n<li>Pr\u00f3tesis infectada de cadera<\/li>\n<li>Trocanteritis (bursitis trocanteriana)<\/li>\n<li>Displasia de cadera<\/li>\n<li>Necrosis avascular de la cabeza femoral<\/li>\n<li>Fractura de cadera<\/li>\n<li>Choque femoroacetabular (<em>impingement<\/em>)<\/li>\n<li>Sinovitis de cadera<\/li>\n<li>Dolor\/lesi\u00f3n de cadera no especificado<\/li>\n<\/ul>\n<\/div>\n\t\t\t\t\t\t\t\t\t<div class=\"elementor-tab-title elementor-tab-mobile-title\" aria-selected=\"false\" data-tab=\"3\" role=\"tab\" tabindex=\"-1\" aria-controls=\"elementor-tab-content-1553\" aria-expanded=\"false\">ARTROSCOPIA<\/div>\n\t\t\t\t\t<div id=\"elementor-tab-content-1553\" class=\"elementor-tab-content elementor-clearfix\" data-tab=\"3\" role=\"tabpanel\" aria-labelledby=\"elementor-tab-title-1553\" tabindex=\"0\" hidden=\"hidden\"><h5><img decoding=\"async\" class=\"wp-image-3470 size-medium alignright\" src=\"https:\/\/institutbori.com\/wp-content\/uploads\/2025\/08\/iStock-1501984877-e1754587615799-300x294.jpg\" alt=\"\" width=\"300\" height=\"294\" srcset=\"https:\/\/institutbori.com\/wp-content\/uploads\/2025\/08\/iStock-1501984877-e1754587615799-300x294.jpg 300w, https:\/\/institutbori.com\/wp-content\/uploads\/2025\/08\/iStock-1501984877-e1754587615799-1024x1003.jpg 1024w, https:\/\/institutbori.com\/wp-content\/uploads\/2025\/08\/iStock-1501984877-e1754587615799-768x752.jpg 768w, https:\/\/institutbori.com\/wp-content\/uploads\/2025\/08\/iStock-1501984877-e1754587615799-1536x1504.jpg 1536w, https:\/\/institutbori.com\/wp-content\/uploads\/2025\/08\/iStock-1501984877-e1754587615799.jpg 1548w\" sizes=\"(max-width: 300px) 100vw, 300px\" \/>Algunas de las patolog\u00edas que tratamos:<\/h5>\n<p><strong>Rodilla<\/strong><\/p>\n<ul>\n<li>Lesiones de menisco<\/li>\n<li>Lesiones del ligamento cruzado anterior<\/li>\n<li>Lesiones del ligamento cruzado posterior<\/li>\n<li>Artr\u00f3lisis<\/li>\n<\/ul>\n<p><strong>Cadera<\/strong><\/p>\n<ul>\n<li>Choque femoroacetabular (<em>impingement<\/em>)<\/li>\n<li>Cuerpos libres articulares<\/li>\n<\/ul>\n<p><strong>Hombro<\/strong><\/p>\n<ul>\n<li>Inestabilidad del hombro<\/li>\n<li>Ruptura del manguito de los rotadores<\/li>\n<li>Tendinitis calcificante<\/li>\n<li>Artropat\u00eda acromioclavicular<\/li>\n<\/ul>\n<\/div>\n\t\t\t\t\t\t\t\t\t<div class=\"elementor-tab-title elementor-tab-mobile-title\" aria-selected=\"false\" data-tab=\"4\" role=\"tab\" tabindex=\"-1\" aria-controls=\"elementor-tab-content-1554\" aria-expanded=\"false\">TRAUMATOLOG\u00cdA DEPORTIVA<\/div>\n\t\t\t\t\t<div id=\"elementor-tab-content-1554\" class=\"elementor-tab-content elementor-clearfix\" data-tab=\"4\" role=\"tabpanel\" aria-labelledby=\"elementor-tab-title-1554\" tabindex=\"0\" hidden=\"hidden\"><p><img loading=\"lazy\" decoding=\"async\" class=\"img-especialitats alignright wp-image-400 size-medium\" src=\"https:\/\/institutbori.com\/wp-content\/uploads\/2020\/05\/esportiva-300x300.jpg\" alt=\"\" width=\"300\" height=\"300\" srcset=\"https:\/\/institutbori.com\/wp-content\/uploads\/2020\/05\/esportiva-300x300.jpg 300w, https:\/\/institutbori.com\/wp-content\/uploads\/2020\/05\/esportiva-150x150.jpg 150w, https:\/\/institutbori.com\/wp-content\/uploads\/2020\/05\/esportiva-768x768.jpg 768w, https:\/\/institutbori.com\/wp-content\/uploads\/2020\/05\/esportiva.jpg 800w\" sizes=\"(max-width: 300px) 100vw, 300px\" \/><\/p>\n<h5>Algunas de las lesiones deportivas que tratamos:<\/h5>\n<ul>\n<li>Lesiones del m\u00fasculo<\/li>\n<li>Lesiones del tend\u00f3n<\/li>\n<li>Lesiones del cart\u00edlago articular<\/li>\n<li>Lesiones del menisco<\/li>\n<li>Lesiones de los ligamentos<\/li>\n<\/ul>\n<\/div>\n\t\t\t\t\t\t\t\t\t<div class=\"elementor-tab-title elementor-tab-mobile-title\" aria-selected=\"false\" data-tab=\"5\" role=\"tab\" tabindex=\"-1\" aria-controls=\"elementor-tab-content-1555\" aria-expanded=\"false\">TRATAMIENTOS BIOL\u00d3GICOS<\/div>\n\t\t\t\t\t<div id=\"elementor-tab-content-1555\" class=\"elementor-tab-content elementor-clearfix\" data-tab=\"5\" role=\"tabpanel\" aria-labelledby=\"elementor-tab-title-1555\" tabindex=\"0\" hidden=\"hidden\"><p><img loading=\"lazy\" decoding=\"async\" class=\"alignright wp-image-3479 size-medium\" src=\"https:\/\/institutbori.com\/wp-content\/uploads\/2025\/08\/iStock-1307480938-e1754587567648-300x293.jpg\" alt=\"\" width=\"300\" height=\"293\" srcset=\"https:\/\/institutbori.com\/wp-content\/uploads\/2025\/08\/iStock-1307480938-e1754587567648-300x293.jpg 300w, https:\/\/institutbori.com\/wp-content\/uploads\/2025\/08\/iStock-1307480938-e1754587567648-1024x1002.jpg 1024w, https:\/\/institutbori.com\/wp-content\/uploads\/2025\/08\/iStock-1307480938-e1754587567648-768x751.jpg 768w, https:\/\/institutbori.com\/wp-content\/uploads\/2025\/08\/iStock-1307480938-e1754587567648.jpg 1520w\" sizes=\"(max-width: 300px) 100vw, 300px\" \/><\/p>\n<h5>Algunos de los tratamientos que realizamos:<\/h5>\n<ul>\n<li>Infiltraciones de \u00e1cido hialur\u00f3nico (viscosuplementaci\u00f3n)<\/li>\n<li>Factores de crecimiento<\/li>\n<li>Plasma rico en plaquetas (PRP)<\/li>\n<li>C\u00e9lulas derivadas del tejido adiposo<\/li>\n<li>C\u00e9lulas madre<\/li>\n<\/ul>\n<\/div>\n\t\t\t\t\t\t\t<\/div>\n\t\t<\/div>\n\t\t\t\t\t\t<\/div>\n\t\t\t\t<div class=\"elementor-element elementor-element-f9d87ea elementor-widget elementor-widget-spacer\" data-id=\"f9d87ea\" data-element_type=\"widget\" data-e-type=\"widget\" data-widget_type=\"spacer.default\">\n\t\t\t\t\t\t\t<div class=\"elementor-spacer\">\n\t\t\t<div class=\"elementor-spacer-inner\"><\/div>\n\t\t<\/div>\n\t\t\t\t\t\t<\/div>\n\t\t\t\t\t<\/div>\n\t\t<\/div>\n\t\t\t\t\t<\/div>\n\t\t<\/section>\n\t\t<div class=\"elementor-element elementor-element-bbc16cf e-flex e-con-boxed e-con e-parent\" data-id=\"bbc16cf\" data-element_type=\"container\" data-e-type=\"container\" data-settings=\"{&quot;background_background&quot;:&quot;classic&quot;}\">\n\t\t\t\t\t<div class=\"e-con-inner\">\n\t\t<div class=\"elementor-element elementor-element-f15bae7 e-con-full animated-slow e-flex elementor-invisible e-con e-child\" data-id=\"f15bae7\" data-element_type=\"container\" data-e-type=\"container\" data-settings=\"{&quot;background_background&quot;:&quot;classic&quot;,&quot;background_motion_fx_motion_fx_scrolling&quot;:&quot;yes&quot;,&quot;background_motion_fx_translateY_effect&quot;:&quot;yes&quot;,&quot;background_motion_fx_translateY_direction&quot;:&quot;negative&quot;,&quot;background_motion_fx_translateY_speed&quot;:{&quot;unit&quot;:&quot;px&quot;,&quot;size&quot;:5.5,&quot;sizes&quot;:[]},&quot;motion_fx_motion_fx_scrolling&quot;:&quot;yes&quot;,&quot;animation&quot;:&quot;slideInLeft&quot;,&quot;animation_delay&quot;:0,&quot;background_motion_fx_translateY_affectedRange&quot;:{&quot;unit&quot;:&quot;%&quot;,&quot;size&quot;:&quot;&quot;,&quot;sizes&quot;:{&quot;start&quot;:0,&quot;end&quot;:100}},&quot;background_motion_fx_devices&quot;:[&quot;desktop&quot;,&quot;tablet&quot;,&quot;mobile&quot;],&quot;motion_fx_devices&quot;:[&quot;desktop&quot;,&quot;tablet&quot;,&quot;mobile&quot;]}\">\n\t\t\t\t<div class=\"elementor-element elementor-element-be4bcbb elementor-widget elementor-widget-heading\" data-id=\"be4bcbb\" data-element_type=\"widget\" data-e-type=\"widget\" data-widget_type=\"heading.default\">\n\t\t\t\t\t<h3 class=\"elementor-heading-title elementor-size-default\">Traumatolog\u00eda Regenerativa<\/h3>\t\t\t\t<\/div>\n\t\t\t\t<div class=\"elementor-element elementor-element-880028a elementor-widget elementor-widget-text-editor\" data-id=\"880028a\" data-element_type=\"widget\" data-e-type=\"widget\" data-widget_type=\"text-editor.default\">\n\t\t\t\t\t\t\t\t\t<p>Reduce la inflamaci\u00f3n, mejora el dolor y acelera la recuperaci\u00f3n de las lesiones. <\/p>\t\t\t\t\t\t\t\t<\/div>\n\t\t\t\t<div class=\"elementor-element elementor-element-506e700 elementor-align-left elementor-widget elementor-widget-button\" data-id=\"506e700\" data-element_type=\"widget\" data-e-type=\"widget\" data-widget_type=\"button.default\">\n\t\t\t\t\t\t\t\t\t\t<a class=\"elementor-button elementor-button-link elementor-size-sm\" href=\"https:\/\/institutbori.com\/es\/traumatologia-regenerativa\/\">\n\t\t\t\t\t\t<span class=\"elementor-button-content-wrapper\">\n\t\t\t\t\t\t<span class=\"elementor-button-icon\">\n\t\t\t\t<svg xmlns=\"http:\/\/www.w3.org\/2000\/svg\" width=\"25\" height=\"13\" viewBox=\"0 0 25 13\"><path d=\"M18.855.441l5.175 5.175a.75.75 0 0 1 0 1.061l-5.4 5.4a.75.75 0 0 1-1.06-1.06l4.23-4.233H1a.75.75 0 0 1 0-1.5h20.576l-3.781-3.782a.75.75 0 0 1-.073-.976l.073-.085a.75.75 0 0 1 1.06 0z\"><\/path><\/svg>\t\t\t<\/span>\n\t\t\t\t\t\t\t\t\t<span class=\"elementor-button-text\">M\u00e1s informaci\u00f3n<\/span>\n\t\t\t\t\t<\/span>\n\t\t\t\t\t<\/a>\n\t\t\t\t\t\t\t\t<\/div>\n\t\t\t\t<\/div>\n\t\t\t\t\t<\/div>\n\t\t\t\t<\/div>\n\t\t\t\t<section class=\"elementor-section elementor-top-section elementor-element elementor-element-3052f628 elementor-section-boxed elementor-section-height-default elementor-section-height-default\" data-id=\"3052f628\" data-element_type=\"section\" data-e-type=\"section\" data-settings=\"{&quot;background_background&quot;:&quot;classic&quot;}\">\n\t\t\t\t\t\t<div class=\"elementor-container elementor-column-gap-default\">\n\t\t\t\t\t<div class=\"elementor-column elementor-col-100 elementor-top-column elementor-element elementor-element-44b36eb4\" data-id=\"44b36eb4\" data-element_type=\"column\" data-e-type=\"column\">\n\t\t\t<div class=\"elementor-widget-wrap elementor-element-populated\">\n\t\t\t\t\t\t<div class=\"elementor-element elementor-element-226e9202 elementor-widget elementor-widget-heading\" data-id=\"226e9202\" data-element_type=\"widget\" data-e-type=\"widget\" data-widget_type=\"heading.default\">\n\t\t\t\t\t<h2 class=\"elementor-heading-title elementor-size-default\">La precisi\u00f3n en el diagn\u00f3stico mejora los resultados<br>y el tiempo de recuperaci\u00f3n. <\/h2>\t\t\t\t<\/div>\n\t\t\t\t\t<\/div>\n\t\t<\/div>\n\t\t\t\t\t<\/div>\n\t\t<\/section>\n\t\t\t\t<\/div>\n\t\t","protected":false},"excerpt":{"rendered":"<p>Somos un equipo de traumatolog\u00eda altamente especializado con m\u00e1s de 20 a\u00f1os de experiencia en las t\u00e9cnicas terap\u00e9uticas y quir\u00fargicas m\u00e1s avanzadas para dar respuesta a cada paciente. Expertos en t\u00e9cnicas m\u00ednimamente invasivas para realizar cirug\u00edas con la menor agresi\u00f3n posible buscando siempre el mejor resultado cl\u00ednico y la recuperaci\u00f3n m\u00e1s r\u00e1pida, eficaz y segura. [&hellip;]<\/p>\n","protected":false},"author":1,"featured_media":0,"parent":0,"menu_order":0,"comment_status":"closed","ping_status":"closed","template":"","meta":{"footnotes":""},"class_list":["post-683","page","type-page","status-publish","hentry"],"_links":{"self":[{"href":"https:\/\/institutbori.com\/es\/wp-json\/wp\/v2\/pages\/683","targetHints":{"allow":["GET"]}}],"collection":[{"href":"https:\/\/institutbori.com\/es\/wp-json\/wp\/v2\/pages"}],"about":[{"href":"https:\/\/institutbori.com\/es\/wp-json\/wp\/v2\/types\/page"}],"author":[{"embeddable":true,"href":"https:\/\/institutbori.com\/es\/wp-json\/wp\/v2\/users\/1"}],"replies":[{"embeddable":true,"href":"https:\/\/institutbori.com\/es\/wp-json\/wp\/v2\/comments?post=683"}],"version-history":[{"count":50,"href":"https:\/\/institutbori.com\/es\/wp-json\/wp\/v2\/pages\/683\/revisions"}],"predecessor-version":[{"id":3955,"href":"https:\/\/institutbori.com\/es\/wp-json\/wp\/v2\/pages\/683\/revisions\/3955"}],"wp:attachment":[{"href":"https:\/\/institutbori.com\/es\/wp-json\/wp\/v2\/media?parent=683"}],"curies":[{"name":"wp","href":"https:\/\/api.w.org\/{rel}","templated":true}]}}