{"id":704,"date":"2020-05-07T14:27:44","date_gmt":"2020-05-07T14:27:44","guid":{"rendered":"https:\/\/institutbori.com\/avis-legal-i-politica-de-privacitat"},"modified":"2025-10-20T13:58:05","modified_gmt":"2025-10-20T13:58:05","slug":"avis-legal-i-politica-de-privacitat","status":"publish","type":"page","link":"https:\/\/institutbori.com\/es\/avis-legal-i-politica-de-privacitat\/","title":{"rendered":"Aviso legal y Pol\u00edtica de Privacidad"},"content":{"rendered":"\t\t<div data-elementor-type=\"wp-page\" data-elementor-id=\"704\" class=\"elementor elementor-704 elementor-3\" data-elementor-post-type=\"page\">\n\t\t\t\t\t\t<section class=\"elementor-section elementor-top-section elementor-element elementor-element-5fa19af elementor-section-boxed elementor-section-height-default elementor-section-height-default\" data-id=\"5fa19af\" data-element_type=\"section\" data-e-type=\"section\" data-settings=\"{&quot;background_background&quot;:&quot;classic&quot;}\">\n\t\t\t\t\t\t<div class=\"elementor-container elementor-column-gap-default\">\n\t\t\t\t\t<div class=\"elementor-column elementor-col-100 elementor-top-column elementor-element elementor-element-3444706\" data-id=\"3444706\" data-element_type=\"column\" data-e-type=\"column\">\n\t\t\t<div class=\"elementor-widget-wrap elementor-element-populated\">\n\t\t\t\t\t\t<div class=\"elementor-element elementor-element-5207db2 elementor-widget elementor-widget-heading\" data-id=\"5207db2\" data-element_type=\"widget\" data-e-type=\"widget\" data-widget_type=\"heading.default\">\n\t\t\t\t\t<h1 class=\"elementor-heading-title elementor-size-default\">Aviso legal y Pol\u00edtica de Privacidad<\/h1>\t\t\t\t<\/div>\n\t\t\t\t\t<\/div>\n\t\t<\/div>\n\t\t\t\t\t<\/div>\n\t\t<\/section>\n\t\t\t\t<section class=\"elementor-section elementor-top-section elementor-element elementor-element-7f224750 elementor-section-boxed elementor-section-height-default elementor-section-height-default\" data-id=\"7f224750\" data-element_type=\"section\" data-e-type=\"section\">\n\t\t\t\t\t\t<div class=\"elementor-container elementor-column-gap-default\">\n\t\t\t\t\t<div class=\"elementor-column elementor-col-100 elementor-top-column elementor-element elementor-element-59894493\" data-id=\"59894493\" data-element_type=\"column\" data-e-type=\"column\">\n\t\t\t<div class=\"elementor-widget-wrap elementor-element-populated\">\n\t\t\t\t\t\t<div class=\"elementor-element elementor-element-7b65012a elementor-widget elementor-widget-text-editor\" data-id=\"7b65012a\" data-element_type=\"widget\" data-e-type=\"widget\" data-widget_type=\"text-editor.default\">\n\t\t\t\t\t\t\t\t\t<h4>Aviso legal<\/h4>\n<p>Institut Bori es propietario de los nombres de dominio y p\u00e1ginas de Internet a las que se accede desde el dominio <a href=\"http:\/\/www.institutbori.com\">www.institutbori.com<\/a> y los dem\u00e1s dominios registrados a su nombre.<\/p>\n<p>Institut Bori es propiedad de la empresa Medicina i Serveis Creu M\u00e8dica, S.L., con domicilio en Calle Villarroel, n\u00ba 2, 4\u00ba-2\u00aa, 08011 Barcelona, CIF B65672958.<\/p>\n<h4>&nbsp;<\/h4>\n<h4>Propiedad Intelectual<\/h4>\n<ul>\n<li>Copyright, Institut Bori 2025. Todos los derechos reservados..<\/li>\n<li>El contenido de esta p\u00e1ginas web est\u00e1 sujeto a lo dispuesto en la normativa vigente espa\u00f1ola reguladora de la Propiedad Intelectual.<\/li>\n<li>El contenido de esta p\u00e1gina web, cualquiera que sea su formato (texto, imagen, ficheros, etc.), estructura o dise\u00f1o, y forma de presentaci\u00f3n, as\u00ed como los programas de ordenador utilizados para su creaci\u00f3n y posterior funcionamiento, son objeto de licencia o de derechos de propiedad intelectual de los que es titular Institut Bori.<\/li>\n<li>El contenido de este sitio web no podr\u00e1 ser reproducido, modificado, distribuido, comunicado p\u00fablicamente ni almacenado sin autorizaci\u00f3n previa de Institut Bori.<\/li>\n<li>El uso indebido del contenido de este sitio web podr\u00e1 ser considerado una infracci\u00f3n de las normas reguladoras del copyright.<\/li>\n<li>Los usuarios deben abstenerse de obtener o intentar obtener los contenidos de la web de Institut Bori empleando para ello medios o procedimientos distintos de los que se hayan puesto a su disposici\u00f3n o se hayan indicado a este efecto en las p\u00e1ginas web donde se encuentren los mismos.<\/li>\n<\/ul>\n<h4>&nbsp;<\/h4>\n<h4>Acceso de los usuarios al sitio web<\/h4>\n<ul>\n<li>Las p\u00e1ginas de Institut Bori pueden ser visitadas libremente por los usuarios exceptuando aquellas que se incluyan en \u00e1reas cerradas o de suscripci\u00f3n.<\/li>\n<li>El usuario se compromete a utilizar las p\u00e1ginas de Institut Bori de conformidad con la ley espa\u00f1ola, con el presente Aviso Legal, con las Condiciones Particulares de ciertos Servicios y dem\u00e1s avisos, reglamentos de uso e instrucciones puestos en su conocimiento, as\u00ed como con la moral y las buenas costumbres generalmente aceptadas y con el orden p\u00fablico.<\/li>\n<\/ul>\n<h4>&nbsp;<\/h4>\n<h4>Limitaci\u00f3n de la responsabilidad<\/h4>\n<ul>\n<li>Este sitio web tiene por objeto principal informar a los usuarios sobre los servicios ofrecidos por Institut Bori, por lo que los contenidos del mismo son de car\u00e1cter informativo y puramente orientativos, no pudiendo ser considerados como asesoramiento legal o m\u00e9dico.<\/li>\n<li>Institut Bori declina cualquier responsabilidad respecto de la informaci\u00f3n que se encuentre fuera de esta p\u00e1gina o de su control y\/o de la que no sea autor, no siendo responsable, en particular, de la actualizaci\u00f3n, correcci\u00f3n y\/o exactitud de los contenidos a los que tenga acceso el visitante a trav\u00e9s de esta p\u00e1gina web as\u00ed como de su legalidad y\/o idoneidad.<\/li>\n<li>Tampoco puede responsabilizarse a Institut Bori de ning\u00fan tipo de da\u00f1o directa o indirectamente relacionado con la utilizaci\u00f3n y\/o contenido de los enlaces incluidos en esta p\u00e1gina. La incorporaci\u00f3n de un enlace en esta p\u00e1gina no puede considerarse una recomendaci\u00f3n de Institut Bori a los visitantes de utilizarlos; la decisi\u00f3n de utilizarlos queda sujeta a la voluntad de \u00e9stos \u00faltimos.<\/li>\n<li>En todo caso, y bajo ninguna circunstancia, ninguna informaci\u00f3n directa o indirectamente accesible a trav\u00e9s de esta p\u00e1gina web podr\u00e1 ser considerada un consejo m\u00e9dico o prescripci\u00f3n facultativa, declinando Institut Bori toda responsabilidad por cualquier tipo de consecuencias directa o indirectamente relacionadas con las acciones u omisiones que pueda tener el visitante en funci\u00f3n de la interpretaci\u00f3n de estas informaciones.<\/li>\n<li>La informaci\u00f3n proporcionada en esta p\u00e1gina web no reemplaza si no que complementa la relaci\u00f3n entre el profesional de salud y su paciente o usuario y en caso de duda se debe consultar con su profesional de salud de referencia.<\/li>\n<li>La informaci\u00f3n proporcionada en esta p\u00e1gina web no reemplaza si no que complementa la relaci\u00f3n entre el profesional de salud y su paciente o usuario y en caso de duda se debe consultar con su profesional de salud de referencia. En consecuencia, Institut Bori no se responsabiliza de los errores contenidos, ni por los da\u00f1os o perjuicios derivados de su utilizaci\u00f3n.<\/li>\n<li>Institut Bori no se responsabiliza de las posibles diferencias que puedan existir entre los documentos originales contenidos en publicaciones oficiales y su versi\u00f3n electr\u00f3nica cargada en este web, al tener exclusivamente, estas \u00faltimas, car\u00e1cter informativo.<\/li>\n<li>Institut Bori se reserva el derecho a modificar, actualizar o suprimir cualquiera de los contenidos de la web sin previa notificaci\u00f3n.<\/li>\n<li>Institut Bori no se responsabiliza de los da\u00f1os y perjuicios ocasionados en el sistema de los usuarios del sitio web, al no poder garantizar la inexistencia de virus u otros elementos lesivos en sus contenidos.<\/li>\n<\/ul>\n<h4>&nbsp;<\/h4>\n<h4>Navegaci\u00f3n an\u00f3nima a trav\u00e9s de la web<\/h4>\n<ul>\n<li>Institut Bori, entidad titular del sitio web institutbori.com, s\u00f3lo obtiene y conserva acerca de los visitantes de nuestra web la informaci\u00f3n establecida en el formato com\u00fan de archivo de registro de NCSA.<\/li>\n<li>La informaci\u00f3n obtenida es totalmente an\u00f3nima y en ning\u00fan caso puede ser asociada a un usuario concreto e identificado.<\/li>\n<\/ul>\n<h4>&nbsp;<\/h4>\n<h4>Tratamiento de datos de car\u00e1cter personal<\/h4>\n<ul>\n<li>Institut Bori es el responsable del tratamiento de los datos de car\u00e1cter personal y titular de la base de datos generada con los datos de car\u00e1cter personal suministrados por los usuarios a trav\u00e9s de los formularios de contacto del website www.institutbori.com.<\/li>\n<li>El usuario autoriza el tratamiento automatizado de los datos personales suministrados para la tramitaci\u00f3n y respuesta a las consultas planteadas a trav\u00e9s de los formularios de contacto. El fichero est\u00e1 situado en la Calle Villarroel, 2, 4\u00ba-2\u00aa, 08011 Barcelona, bajo la supervisi\u00f3n y control de Institut Bori.<\/li>\n<li>En ning\u00fan caso, Institut Bori ceder\u00e1 los datos suministrados a terceros.<\/li>\n<li>Los datos se conservar\u00e1n durante el plazo suficiente para atender su petici\u00f3n y, en todo caso, durante el plazo que la legislaci\u00f3n vigente establezca en cada momento.<\/li>\n<li>La informaci\u00f3n personal recabada de los usuarios registrados es almacenada en la base de datos propiedad de Institut Bori que asume las medidas de \u00edndole t\u00e9cnica, organizativa y de seguridad que garanticen la confidencialidad e integridad de la informaci\u00f3n y la protecci\u00f3n de los derechos y libertades de las personas f\u00edsicas de acuerdo con el Reglamento (UE) 2016\/679, de 16 de abril de 2 a la protecci\u00f3n de las personas f\u00edsicas en lo que se refiere al tratamiento de datos personales ya la libre circulaci\u00f3n de estos datos (en adelante RGPD) y la Ley 3\/2018 de 5 de diciembre de Protecci\u00f3n de Datos Personales y de Garant\u00eda de los Derechos digitales.<\/li>\n<li>El usuario responder\u00e1, en cualquier caso, de la veracidad de los datos facilitados, reserv\u00e1ndose Institut Bori el derecho a excluir de los servicios registrados a todo usuario que haya facilitado datos falsos, sin prejuicio de las dem\u00e1s acciones legales.<\/li>\n<li>Cualquier usuario puede ejercer los derechos de acceso, rectificaci\u00f3n, supresi\u00f3n, limitaci\u00f3n y oposici\u00f3n al tratamiento de los datos de car\u00e1cter personal suministradas a Institut Bori, mediante comunicaci\u00f3n escrita dirigida a Calle Villarroel, 2, 4\u00ba-2\u00aa, 08011 Barcelona o a la direcci\u00f3n electr\u00f3nica info@institutbori.com, referencia \u201ctratamiento de datos\u201d.<\/li>\n<\/ul>\n<h4>&nbsp;<\/h4>\n<h4>Generalidades<\/h4>\n<ul>\n<li>Institut Bori se reserva el derecho a modificar sin previo aviso el contenido de los Avisos Legales de este sitio web. Por tanto, y para una correcta utilizaci\u00f3n del mismo, le recomendamos que visite peri\u00f3dicamente esta secci\u00f3n. Por tanto, y para un correcto uso del mismo, le recomendamos que visite peri\u00f3dicamente esta secci\u00f3n.<\/li>\n<li>La funci\u00f3n de los enlaces que aparecen en esta p\u00e1gina es exclusivamente la de informar al usuario sobre la existencia de otras fuentes de informaci\u00f3n en Internet, donde podr\u00e1 ampliar los datos ofrecidos en esta web. Institut Bori no ser\u00e1 en ning\u00fan caso responsable del resultado obtenido mediante los citados enlaces hipertextuales.<\/li>\n<\/ul>\n<div><br><\/div>\n<div><br><\/div>\n<div><br><\/div>\n<div><br><\/div>\n<div><br><\/div>\n<div><br><\/div>\t\t\t\t\t\t\t\t<\/div>\n\t\t\t\t\t<\/div>\n\t\t<\/div>\n\t\t\t\t\t<\/div>\n\t\t<\/section>\n\t\t\t\t<\/div>\n\t\t","protected":false},"excerpt":{"rendered":"<p>Aviso legal Institut Bori es propietario de los nombres de dominio y p\u00e1ginas de Internet a las que se accede desde el dominio www.institutbori.com y los dem\u00e1s dominios registrados a su nombre. Institut Bori es propiedad de la empresa Medicina i Serveis Creu M\u00e8dica, S.L., con domicilio en Calle Villarroel, n\u00ba 2, 4\u00ba-2\u00aa, 08011 Barcelona, [&hellip;]<\/p>\n","protected":false},"author":1,"featured_media":0,"parent":0,"menu_order":0,"comment_status":"closed","ping_status":"closed","template":"","meta":{"footnotes":""},"class_list":["post-704","page","type-page","status-publish","hentry"],"_links":{"self":[{"href":"https:\/\/institutbori.com\/es\/wp-json\/wp\/v2\/pages\/704","targetHints":{"allow":["GET"]}}],"collection":[{"href":"https:\/\/institutbori.com\/es\/wp-json\/wp\/v2\/pages"}],"about":[{"href":"https:\/\/institutbori.com\/es\/wp-json\/wp\/v2\/types\/page"}],"author":[{"embeddable":true,"href":"https:\/\/institutbori.com\/es\/wp-json\/wp\/v2\/users\/1"}],"replies":[{"embeddable":true,"href":"https:\/\/institutbori.com\/es\/wp-json\/wp\/v2\/comments?post=704"}],"version-history":[{"count":18,"href":"https:\/\/institutbori.com\/es\/wp-json\/wp\/v2\/pages\/704\/revisions"}],"predecessor-version":[{"id":3854,"href":"https:\/\/institutbori.com\/es\/wp-json\/wp\/v2\/pages\/704\/revisions\/3854"}],"wp:attachment":[{"href":"https:\/\/institutbori.com\/es\/wp-json\/wp\/v2\/media?parent=704"}],"curies":[{"name":"wp","href":"https:\/\/api.w.org\/{rel}","templated":true}]}}